{"id":10,"date":"2012-07-19T12:41:33","date_gmt":"2012-07-19T10:41:33","guid":{"rendered":"http:\/\/www.hsv-oelsnitz.de\/?page_id=10"},"modified":"2024-03-17T16:10:00","modified_gmt":"2024-03-17T14:10:00","slug":"uber-uns","status":"publish","type":"page","link":"https:\/\/www.hsv-oelsnitz.de\/?page_id=10","title":{"rendered":"\u00fcber uns"},"content":{"rendered":"<p style=\"text-align: left;\">Eine kleine Anzahl von Hundesportlern machte es sich zur Aufgabe ,dass Zusammenleben mit unseren vierbeinigen, bellenden und manchmal auch etwas st\u00f6rrischen Freunden f\u00fcr beide Seiten aktiv und interessant zu gestalten.<\/p>\n<p><img loading=\"lazy\" decoding=\"async\" class=\" wp-image-1199 alignright\" src=\"https:\/\/www.hsv-oelsnitz.de\/wp\/wp-content\/uploads\/Oelsnitz-1927-300x160.jpg\" alt=\"Oelsnitz 1927\" width=\"407\" height=\"217\" srcset=\"https:\/\/www.hsv-oelsnitz.de\/wp\/wp-content\/uploads\/Oelsnitz-1927-300x160.jpg 300w, https:\/\/www.hsv-oelsnitz.de\/wp\/wp-content\/uploads\/Oelsnitz-1927.jpg 404w\" sizes=\"auto, (max-width: 407px) 100vw, 407px\" \/><\/p>\n<p style=\"text-align: center;\">So wurde bereits im Oktober 1927 der Polizeihundesportverein Oelsnitz\/V. gegr\u00fcndet. Seit dem wurde in Oelsnitz Hundesport betrieben und \u00fcberdauerte alle Wirren der Zeit.<\/p>\n<p style=\"text-align: center;\">Nach der Wende in der DDR wurde der Verein 1990 als gemeinn\u00fctziger Verein beim Amtsgericht eingetragen und besteht als<\/p>\n<p style=\"text-align: center;\">Hundeverein Oelsnitz\/V. eV<\/p>\n<p>&nbsp;<\/p>\n<p style=\"text-align: center;\">Unsere Mitglieder haben mit hohen pers\u00f6nlichen Aufwand seit 2004 unser Vereinsheim und den \u00dcbungsplatz saniert und damit die M\u00f6glichkeit geschaffen, auch zuk\u00fcnftig sinnvoll Hundesport zu betreiben.<\/p>\n<p style=\"text-align: center;\">&#8230;&#8230;&#8230;&#8230;&#8230;&#8230;&#8230;&#8230;&#8230;&#8230;&#8230;&#8230;&#8230;&#8230;&#8230;&#8230;&#8230;&#8230;&#8230;&#8230;&#8230;&#8230;&#8230;&#8230;<\/p>\n<p><img loading=\"lazy\" decoding=\"async\" class=\" wp-image-258 alignleft\" src=\"https:\/\/www.hsv-oelsnitz.de\/wp\/wp-content\/uploads\/hsv-sommer-300x169.jpg\" alt=\"\" width=\"269\" height=\"152\" srcset=\"https:\/\/www.hsv-oelsnitz.de\/wp\/wp-content\/uploads\/hsv-sommer-300x169.jpg 300w, https:\/\/www.hsv-oelsnitz.de\/wp\/wp-content\/uploads\/hsv-sommer.jpg 960w\" sizes=\"auto, (max-width: 269px) 100vw, 269px\" \/><img loading=\"lazy\" decoding=\"async\" class=\"wp-image-1214 alignright\" src=\"https:\/\/www.hsv-oelsnitz.de\/wp\/wp-content\/uploads\/hundeplatz-300x200.jpg\" alt=\"hundeplatz\" width=\"240\" height=\"160\" srcset=\"https:\/\/www.hsv-oelsnitz.de\/wp\/wp-content\/uploads\/hundeplatz-300x200.jpg 300w, https:\/\/www.hsv-oelsnitz.de\/wp\/wp-content\/uploads\/hundeplatz-768x511.jpg 768w, https:\/\/www.hsv-oelsnitz.de\/wp\/wp-content\/uploads\/hundeplatz-1024x681.jpg 1024w, https:\/\/www.hsv-oelsnitz.de\/wp\/wp-content\/uploads\/hundeplatz.jpg 1936w\" sizes=\"auto, (max-width: 240px) 100vw, 240px\" \/><\/p>\n<p style=\"text-align: center;\">Auf unserem \u00dcbungsplatz ist jede Rasse herzlich willkommen.<\/p>\n<p style=\"text-align: center;\">&#8230;&#8230;&#8230;&#8230;&#8230;&#8230;&#8230;&#8230;&#8230;&#8230;&#8230;&#8230;&#8230;&#8230;&#8230;&#8230;&#8230;&#8230;&#8230;&#8230;&#8230;&#8230;&#8230;&#8230;&#8230;&#8230;&#8230;&#8230;&#8230;&#8230;&#8230;&#8230;&#8230;&#8230;&#8230;&#8230;&#8230;&#8230;&#8230;&#8230;&#8230;.<\/p>\n<p style=\"text-align: center;\">Wir sind nicht rassegebunden. Wir freuen uns \u00fcber jeden, der aktiv mit seinem Hund am Vereinsleben teilnehmen m\u00f6chte, egal ob Sch\u00e4ferhund, Mops, Pudel oder Bully.<\/p>\n<p style=\"text-align: center;\"><img loading=\"lazy\" decoding=\"async\" class=\"alignnone wp-image-1198\" src=\"https:\/\/www.hsv-oelsnitz.de\/wp\/wp-content\/uploads\/verschrassensw-300x154.jpg\" alt=\"verschrassensw\" width=\"236\" height=\"121\" srcset=\"https:\/\/www.hsv-oelsnitz.de\/wp\/wp-content\/uploads\/verschrassensw-300x154.jpg 300w, https:\/\/www.hsv-oelsnitz.de\/wp\/wp-content\/uploads\/verschrassensw-768x395.jpg 768w, https:\/\/www.hsv-oelsnitz.de\/wp\/wp-content\/uploads\/verschrassensw-1024x526.jpg 1024w, https:\/\/www.hsv-oelsnitz.de\/wp\/wp-content\/uploads\/verschrassensw.jpg 1039w\" sizes=\"auto, (max-width: 236px) 100vw, 236px\" \/><\/p>\n<p style=\"text-align: center;\">Unser Training ist in erster Linie auf die Grundausbildung (Begleithundpr\u00fcfung) als Basis f\u00fcr alle weiteren Sportarten ausgerichtet. Einige Sportfreunde bilden im IPG-Bereich aus und bereiten sich auf Pr\u00fcfungen vor.<\/p>\n<p style=\"text-align: center;\"><img loading=\"lazy\" decoding=\"async\" class=\"alignnone wp-image-1202\" src=\"https:\/\/www.hsv-oelsnitz.de\/wp\/wp-content\/uploads\/piktogramHundesport.jpg\" alt=\"piktogramHundesport\" width=\"225\" height=\"77\"><\/p>\n<p style=\"text-align: center;\">Mit unserer Arbeit m\u00f6chten wir dem Negativ-Image des Hundesports entgegenwirken und zeigen, dass durch gut erzogene Hunde, die artgerecht gehalten und gefordert bzw. gef\u00f6rdert werden ein angenehmes Zusammenleben von Hundehaltern und Nichthundebesitzern m\u00f6glich ist. Nat\u00fcrlich kommt bei uns auch die Geselligkeit nicht zu kurz. Grillfeste, Wanderungen und sonstige Anl\u00e4sse werden zum Feiern und gem\u00fctlichem Beisammensein genutzt. Wir w\u00fcrden uns freuen, wenn Sie bei uns vorbeischauen w\u00fcrden.<\/p>\n","protected":false},"excerpt":{"rendered":"<p>Eine kleine Anzahl von Hundesportlern machte es sich zur Aufgabe ,dass Zusammenleben mit unseren vierbeinigen, bellenden und manchmal auch etwas st\u00f6rrischen Freunden f\u00fcr beide Seiten aktiv und interessant zu gestalten. So wurde bereits im Oktober 1927 der Polizeihundesportverein Oelsnitz\/V. gegr\u00fcndet. Seit dem wurde in Oelsnitz Hundesport betrieben und \u00fcberdauerte alle Wirren der Zeit. Nach der [&hellip;]<\/p>\n","protected":false},"author":3,"featured_media":0,"parent":0,"menu_order":0,"comment_status":"closed","ping_status":"closed","template":"","meta":{"_monsterinsights_skip_tracking":false,"_monsterinsights_sitenote_active":false,"_monsterinsights_sitenote_note":"","_monsterinsights_sitenote_category":0,"ngg_post_thumbnail":0,"footnotes":""},"class_list":["post-10","page","type-page","status-publish","hentry","post-preview"],"_links":{"self":[{"href":"https:\/\/www.hsv-oelsnitz.de\/index.php?rest_route=\/wp\/v2\/pages\/10","targetHints":{"allow":["GET"]}}],"collection":[{"href":"https:\/\/www.hsv-oelsnitz.de\/index.php?rest_route=\/wp\/v2\/pages"}],"about":[{"href":"https:\/\/www.hsv-oelsnitz.de\/index.php?rest_route=\/wp\/v2\/types\/page"}],"author":[{"embeddable":true,"href":"https:\/\/www.hsv-oelsnitz.de\/index.php?rest_route=\/wp\/v2\/users\/3"}],"replies":[{"embeddable":true,"href":"https:\/\/www.hsv-oelsnitz.de\/index.php?rest_route=%2Fwp%2Fv2%2Fcomments&post=10"}],"version-history":[{"count":23,"href":"https:\/\/www.hsv-oelsnitz.de\/index.php?rest_route=\/wp\/v2\/pages\/10\/revisions"}],"predecessor-version":[{"id":2247,"href":"https:\/\/www.hsv-oelsnitz.de\/index.php?rest_route=\/wp\/v2\/pages\/10\/revisions\/2247"}],"wp:attachment":[{"href":"https:\/\/www.hsv-oelsnitz.de\/index.php?rest_route=%2Fwp%2Fv2%2Fmedia&parent=10"}],"curies":[{"name":"wp","href":"https:\/\/api.w.org\/{rel}","templated":true}]}}