{"id":105,"date":"2013-03-02T18:07:53","date_gmt":"2013-03-02T16:07:53","guid":{"rendered":"http:\/\/www.hsv-oelsnitz.de\/?page_id=105"},"modified":"2024-04-04T12:31:25","modified_gmt":"2024-04-04T10:31:25","slug":"training","status":"publish","type":"page","link":"https:\/\/www.hsv-oelsnitz.de\/?page_id=105","title":{"rendered":"Training f\u00fcr Mitglieder"},"content":{"rendered":"<p style=\"text-align: center;\">Training<\/p>\n<p style=\"text-align: center;\"><strong>Mittwochs ab 17.30 Uhr <\/strong>und <strong>Sonntags ab 09.00 Uhr<\/strong><\/p>\n<p style=\"text-align: center;\">__ __ __ __ __ __ __ __<\/p>\n<hr \/>\n<p style=\"text-align: left;\">Wir haben an den Trainigstagen keine &#8222;Sperrstunde&#8220; festgelegt und richten uns (je nach den M\u00f6glichkeiten des Verantwortlichen) nach dem jeweiligen Bedarf.<\/p>\n<p>Unser Training ist in erster Linie auf die Grundausbildung (Begleithundepr\u00fcfung) als Basis f\u00fcr alle weiteren Sportarten ausgerichtet.<\/p>\n<p>Im weitesten Sinne ist hier die regelm\u00e4\u00dfige Gruppenarbeit bzw. das Training hinsichtlich der generellen Umweltsicherheit des Hundes einzuordnen.<\/p>\n<p><img loading=\"lazy\" decoding=\"async\" class=\"size-medium wp-image-1176 aligncenter\" src=\"https:\/\/www.hsv-oelsnitz.de\/wp\/wp-content\/uploads\/Gruppentraining-300x169.jpg\" alt=\"Gruppentraining\" width=\"300\" height=\"169\" srcset=\"https:\/\/www.hsv-oelsnitz.de\/wp\/wp-content\/uploads\/Gruppentraining-300x169.jpg 300w, https:\/\/www.hsv-oelsnitz.de\/wp\/wp-content\/uploads\/Gruppentraining-768x432.jpg 768w, https:\/\/www.hsv-oelsnitz.de\/wp\/wp-content\/uploads\/Gruppentraining-1024x576.jpg 1024w, https:\/\/www.hsv-oelsnitz.de\/wp\/wp-content\/uploads\/Gruppentraining.jpg 1328w\" sizes=\"auto, (max-width: 300px) 100vw, 300px\" \/><\/p>\n<p style=\"text-align: center;\">Auf dem Platz besteht nat\u00fcrlich die M\u00f6glichkeit im VPG-Bereich auszubilden. Diese M\u00f6glichkeit wird von vielen Hundesportlern genutzt und einige bereiten sich konsequent auf eine Pr\u00fcfung in diesem Bereich vor.<\/p>\n<p><img loading=\"lazy\" decoding=\"async\" class=\"wp-image-1181 aligncenter\" src=\"https:\/\/www.hsv-oelsnitz.de\/wp\/wp-content\/uploads\/Schutzdienst-kollage-300x159.jpg\" alt=\"Schutzdienst kollage\" width=\"436\" height=\"252\" \/><\/p>\n<p style=\"text-align: center;\">Elemte aus dem Turnierhundesport sind Bestandteil unserer individuellen Trainingseinheiten.<\/p>\n<p><img loading=\"lazy\" decoding=\"async\" class=\"alignnone size-medium wp-image-1184 aligncenter\" src=\"https:\/\/www.hsv-oelsnitz.de\/wp\/wp-content\/uploads\/Jester-springt-300x139.jpg\" alt=\"Jester springt\" width=\"300\" height=\"139\" srcset=\"https:\/\/www.hsv-oelsnitz.de\/wp\/wp-content\/uploads\/Jester-springt-300x139.jpg 300w, https:\/\/www.hsv-oelsnitz.de\/wp\/wp-content\/uploads\/Jester-springt.jpg 714w\" sizes=\"auto, (max-width: 300px) 100vw, 300px\" \/><\/p>\n<p style=\"text-align: center;\">Je nach Ausbildungsziel und Ausbildungsstand stehen auf dem Platz erfahrene \u00dcbungsleiter zur Verf\u00fcgung.<\/p>\n<p><img loading=\"lazy\" decoding=\"async\" class=\"size-medium wp-image-1179 aligncenter\" src=\"https:\/\/www.hsv-oelsnitz.de\/wp\/wp-content\/uploads\/Einzeltraining-Pascal-und-Mathis-mit-Thor-300x124.jpg\" alt=\"Einzeltraining Pascal und Mathis mit Thor\" width=\"300\" height=\"124\" srcset=\"https:\/\/www.hsv-oelsnitz.de\/wp\/wp-content\/uploads\/Einzeltraining-Pascal-und-Mathis-mit-Thor-300x124.jpg 300w, https:\/\/www.hsv-oelsnitz.de\/wp\/wp-content\/uploads\/Einzeltraining-Pascal-und-Mathis-mit-Thor.jpg 735w\" sizes=\"auto, (max-width: 300px) 100vw, 300px\" \/><\/p>\n<p>Sie stehen dem Hundef\u00fchrer mit Rat und Tat zur Seite und \u00fcbernehmen als Anleiter gern die Gestaltung des individuellen Trainings bzw. der Gruppenarbeit. Die Verantwortung bleibt dabei nat\u00fcrlich in der Hand des Hundef\u00fchrers.<\/p>\n<p>&nbsp;<\/p>\n<p>(MH &#8211; 10.10.2016)<\/p>\n<p><strong>\u00a0<\/strong><\/p>\n","protected":false},"excerpt":{"rendered":"<p>Training Mittwochs ab 17.30 Uhr und Sonntags ab 09.00 Uhr __ __ __ __ __ __ __ __ Wir haben an den Trainigstagen keine &#8222;Sperrstunde&#8220; festgelegt und richten uns (je nach den M\u00f6glichkeiten des Verantwortlichen) nach dem jeweiligen Bedarf. Unser Training ist in erster Linie auf die Grundausbildung (Begleithundepr\u00fcfung) als Basis f\u00fcr alle weiteren Sportarten [&hellip;]<\/p>\n","protected":false},"author":3,"featured_media":0,"parent":0,"menu_order":0,"comment_status":"closed","ping_status":"closed","template":"","meta":{"_monsterinsights_skip_tracking":false,"_monsterinsights_sitenote_active":false,"_monsterinsights_sitenote_note":"","_monsterinsights_sitenote_category":0,"ngg_post_thumbnail":0,"footnotes":""},"class_list":["post-105","page","type-page","status-publish","hentry","post-preview"],"_links":{"self":[{"href":"https:\/\/www.hsv-oelsnitz.de\/index.php?rest_route=\/wp\/v2\/pages\/105","targetHints":{"allow":["GET"]}}],"collection":[{"href":"https:\/\/www.hsv-oelsnitz.de\/index.php?rest_route=\/wp\/v2\/pages"}],"about":[{"href":"https:\/\/www.hsv-oelsnitz.de\/index.php?rest_route=\/wp\/v2\/types\/page"}],"author":[{"embeddable":true,"href":"https:\/\/www.hsv-oelsnitz.de\/index.php?rest_route=\/wp\/v2\/users\/3"}],"replies":[{"embeddable":true,"href":"https:\/\/www.hsv-oelsnitz.de\/index.php?rest_route=%2Fwp%2Fv2%2Fcomments&post=105"}],"version-history":[{"count":28,"href":"https:\/\/www.hsv-oelsnitz.de\/index.php?rest_route=\/wp\/v2\/pages\/105\/revisions"}],"predecessor-version":[{"id":2303,"href":"https:\/\/www.hsv-oelsnitz.de\/index.php?rest_route=\/wp\/v2\/pages\/105\/revisions\/2303"}],"wp:attachment":[{"href":"https:\/\/www.hsv-oelsnitz.de\/index.php?rest_route=%2Fwp%2Fv2%2Fmedia&parent=105"}],"curies":[{"name":"wp","href":"https:\/\/api.w.org\/{rel}","templated":true}]}}