{"id":137,"date":"2013-03-16T22:39:42","date_gmt":"2013-03-16T20:39:42","guid":{"rendered":"http:\/\/www.hsv-oelsnitz.de\/?page_id=137"},"modified":"2017-11-19T18:19:59","modified_gmt":"2017-11-19T16:19:59","slug":"news-2","status":"publish","type":"page","link":"https:\/\/www.hsv-oelsnitz.de\/?page_id=137","title":{"rendered":"Pr\u00fcfungen 2017"},"content":{"rendered":"<p>&nbsp;<\/p>\n<h1 style=\"text-align: center;\"><strong>Fr\u00fchjahrspr\u00fcfung 2017<\/strong><\/h1>\n<p><strong>Datum:<\/strong> 13.05.2017<\/p>\n<p><strong>Leistungsrichter: <\/strong>Fr. Jana Baumann<\/p>\n<p><strong>Pr\u00fcfungsleiterin:<\/strong>&nbsp; Heidrun<\/p>\n<p><strong>Helfer:<\/strong>&nbsp; Pascal<\/p>\n<h2 style=\"text-align: center;\"><strong><u>Ergebnisse:<\/u><\/strong><\/h2>\n<p><strong>Mathias<\/strong>: BH mit Thor &#8211; Abbruch<\/p>\n<p><strong>Grit:<\/strong> BH mit Tiger &#8211; nicht bestanden<\/p>\n<p><strong>Klaus:<\/strong> BH mit Jeassy bestanden<\/p>\n<p><strong>Kathrin: xxx <\/strong>BH Abbruch<\/p>\n<p><strong>Tobias: <\/strong>Sachkunde&nbsp; bestanden, BH mit Bella bestanden<\/p>\n<p><strong>&#8212;<\/strong><\/p>\n<p><strong>Mona:<\/strong> SPR1 mit Vegas &#8211; Abbruch<\/p>\n<p><strong>Harald:<\/strong> SPR1 mit Lucky 70 Punkte<\/p>\n<p><strong>Peter:<\/strong> SPR1 mit Drago 71 Punkte<\/p>\n<p><strong>Marco:<\/strong> SPR1 mit Marx 79 Punkte<\/p>\n<p><strong><u>N\u00e4here Beschreibung:<\/u><\/strong><\/p>\n<p>Zwar war gegen Mittag Gewitter gemeldet aber unsere Ortsgruppenpr\u00fcfung war zu keinem Zeitpunkt Wassergef\u00e4hrdet. Bei kalten vormitt\u00e4glichen fast eisigen Temperaturen aber bei sch\u00f6nstem Sonnenschein war Jan wiedermal der erste auf dem Platz. So blieb mir gegen 7.30 nur noch das Vereinsheim zum Aufsperren. Feuer brauchten wir keins denn so nach und nach gingen die Temperaturen nach oben.<\/p>\n<p>Die Pr\u00fcfungsteilnehmer waren dann auch vollz\u00e4hlig und so konnte die praktische Pr\u00fcfung mit der obligatorischen Identifikation der Hunde (Chipkontrolle) gegen 9.30 Uhr beginnen.<\/p>\n<p>Zuvor musste sich Tobias noch den Fragen des Theorieteils der BH stellen. An dieser Stelle einen Gl\u00fcckwunsch f\u00fcr den mit nur einen Fehler bestandenen Theorieteil. Und es sei nochmal erw\u00e4hnt: &#8222;Ein Fehler muss schon sein, denn Streber kann auch keiner leiden.&#8220; &nbsp; \ud83d\ude42<\/p>\n<p>Dann folgte die Abnahme der Begleithundepr\u00fcfung. Diese lief f\u00fcr einige Teilnehmer leider nicht so ganz nach Plan.<\/p>\n<p>Der Verkehrsteil schloss sich dann gleich an und verlief f\u00fcr zwei noch verbliebenen Teilnehmer ohne weitere Probleme, so dass ich an dieser Stelle den zweien gratulieren darf.<\/p>\n<p>Nach dem Verkehrsteil der BH war dann der Schutzdiensthelfer gefragt und die 4 angemeldeten Pr\u00fcfungen&nbsp; aus dem Schutzdienstbereich wurden abgenommen. Auch hier waren die Ergebnisse recht durchwachsen aber mit Sicherheit keine \u00dcberraschung.<\/p>\n<p>Unser Dank gilt allen, die zum Gelingen unserer Pr\u00fcfung beigetragen haben. Besonderer Dank gilt Frau Jana Baumann. Frau Baumann vermittelte allen Teilnehmern der Pr\u00fcfung einen hohen Anspruch an den Hundesport ohne dabei die Fairness au\u00dfer Acht zu lassen. Dies tut der Motivation gut &#8230;. und immer hin; &#8222;nach der Pr\u00fcfung &#8230; ist vor der Pr\u00fcfung&#8220;.<\/p>\n<h2 style=\"text-align: center;\"><strong>Herbstpr\u00fcfung 2017<\/strong><\/h2>\n<p>Am 14.10.2017 fand unsere Herbstpr\u00fcfung statt.<\/p>\n<p>Was jetzt kommt ist neu in der Vereinsgeschichte, 7 Teilnehmer und alle bestanden..<\/p>\n<p>Aber man sieht strafes Training zahlt sich aus..<\/p>\n<p>Fotos folgen..<\/p>\n<p>&nbsp;<\/p>\n","protected":false},"excerpt":{"rendered":"<p>&nbsp; Fr\u00fchjahrspr\u00fcfung 2017 Datum: 13.05.2017 Leistungsrichter: Fr. Jana Baumann Pr\u00fcfungsleiterin:&nbsp; Heidrun Helfer:&nbsp; Pascal Ergebnisse: Mathias: BH mit Thor &#8211; Abbruch Grit: BH mit Tiger &#8211; nicht bestanden Klaus: BH mit Jeassy bestanden Kathrin: xxx BH Abbruch Tobias: Sachkunde&nbsp; bestanden, BH mit Bella bestanden &#8212; Mona: SPR1 mit Vegas &#8211; Abbruch Harald: SPR1 mit Lucky 70 [&hellip;]<\/p>\n","protected":false},"author":3,"featured_media":0,"parent":0,"menu_order":0,"comment_status":"closed","ping_status":"closed","template":"","meta":{"_monsterinsights_skip_tracking":false,"_monsterinsights_sitenote_active":false,"_monsterinsights_sitenote_note":"","_monsterinsights_sitenote_category":0,"ngg_post_thumbnail":0,"footnotes":""},"class_list":["post-137","page","type-page","status-publish","hentry","post-preview"],"_links":{"self":[{"href":"https:\/\/www.hsv-oelsnitz.de\/index.php?rest_route=\/wp\/v2\/pages\/137","targetHints":{"allow":["GET"]}}],"collection":[{"href":"https:\/\/www.hsv-oelsnitz.de\/index.php?rest_route=\/wp\/v2\/pages"}],"about":[{"href":"https:\/\/www.hsv-oelsnitz.de\/index.php?rest_route=\/wp\/v2\/types\/page"}],"author":[{"embeddable":true,"href":"https:\/\/www.hsv-oelsnitz.de\/index.php?rest_route=\/wp\/v2\/users\/3"}],"replies":[{"embeddable":true,"href":"https:\/\/www.hsv-oelsnitz.de\/index.php?rest_route=%2Fwp%2Fv2%2Fcomments&post=137"}],"version-history":[{"count":52,"href":"https:\/\/www.hsv-oelsnitz.de\/index.php?rest_route=\/wp\/v2\/pages\/137\/revisions"}],"predecessor-version":[{"id":1865,"href":"https:\/\/www.hsv-oelsnitz.de\/index.php?rest_route=\/wp\/v2\/pages\/137\/revisions\/1865"}],"wp:attachment":[{"href":"https:\/\/www.hsv-oelsnitz.de\/index.php?rest_route=%2Fwp%2Fv2%2Fmedia&parent=137"}],"curies":[{"name":"wp","href":"https:\/\/api.w.org\/{rel}","templated":true}]}}