{"id":14,"date":"2012-07-19T12:44:16","date_gmt":"2012-07-19T10:44:16","guid":{"rendered":"http:\/\/www.hsv-oelsnitz.de\/?page_id=14"},"modified":"2022-04-10T17:34:22","modified_gmt":"2022-04-10T15:34:22","slug":"impressum","status":"publish","type":"page","link":"https:\/\/www.hsv-oelsnitz.de\/?page_id=14","title":{"rendered":"Impressum"},"content":{"rendered":"<p><strong>Rechtliche Hinweise zur Haftung \/ Disclaimer<\/strong> Wir sind um Richtigkeit und Aktualit\u00e4t der auf dieser Internetpr\u00e4senz bereitgestellten Informationen bem\u00fcht. Trotzdem k\u00f6nnen Fehler und Unklarheiten nicht vollst\u00e4ndig ausgeschlossen werden. Wir \u00fcbernehmen deshalb keine Gew\u00e4hr f\u00fcr die Aktualit\u00e4t, Richtigkeit, Vollst\u00e4ndigkeit oder Qualit\u00e4t der bereitgestellten Informationen. F\u00fcr Sch\u00e4den materieller oder immaterieller Art, die durch die Nutzung oder Nichtnutzung der dargebotenen Informationen bzw. durch die Nutzung fehlerhafter und unvollst\u00e4ndiger Informationen unmittelbar oder mittelbar verursacht werden, haften wir nicht, sofern nicht nachweislich vors\u00e4tzliches oder grob fahrl\u00e4ssiges Verschulden zur Last f\u00e4llt. Gleiches gilt f\u00fcr kostenlos zum Download bereitgehaltene Software. Wir behalten uns vor, Teile des Internetangebots oder das gesamte Angebot ohne gesonderte Ank\u00fcndigung zu ver\u00e4ndern, zu erg\u00e4nzen, zu l\u00f6schen oder die Ver\u00f6ffentlichung zeitweise oder endg\u00fcltig einzustellen. Trotz sorgf\u00e4ltiger inhaltlicher Kontrolle \u00fcbernehmen wir keine Haftung f\u00fcr die Inhalte externer Links. F\u00fcr den Inhalt der verlinkten Seiten sind ausschlie\u00dflich deren Betreiber verantwortlich.<\/p>\n<p><strong>Rechtliche Hinweise zum Urheberrecht \/ Copyright<\/strong> S\u00e4mtliche Inhalte des Internetauftrittes, insbesondere Texte, Bilder und Design, sind urheberrechtlich gesch\u00fctzt und d\u00fcrfen nur mit unserer vorherigen schriftlichen Zustimmung vervielf\u00e4ltigt, publiziert, in elektronischen Datenbanken oder auf elektronische Datentr\u00e4ger \u00fcbernommen werden. Ausgenommen davon ist der ausschlie\u00dflich private Gebrauch des Nutzers.<\/p>\n<p><strong>Verantwortlich f\u00fcr Inhalte<\/strong><br \/>\nHSV Oelsnitz\/Vogtland e.V. vertreten durch den Vorstand<\/p>\n<p>Matthias Heyne<\/p>\n<p>Unterer H\u00f6henweg 2<\/p>\n<p>Traingsplatz: Voigtsbergerstrasse 24 hinter der Spedition Wolfrum<\/p>\n<p>08606 Oelsnitz<\/p>\n<p>Tel.&nbsp;015115601380<br \/>\nEmail:m.heyne@heyne-naumann.de<\/p>\n<p>registriert beim Amtsgericht Chemnitz<br \/>\nVR 60479<\/p>\n","protected":false},"excerpt":{"rendered":"<p>Rechtliche Hinweise zur Haftung \/ Disclaimer Wir sind um Richtigkeit und Aktualit\u00e4t der auf dieser Internetpr\u00e4senz bereitgestellten Informationen bem\u00fcht. Trotzdem k\u00f6nnen Fehler und Unklarheiten nicht vollst\u00e4ndig ausgeschlossen werden. Wir \u00fcbernehmen deshalb keine Gew\u00e4hr f\u00fcr die Aktualit\u00e4t, Richtigkeit, Vollst\u00e4ndigkeit oder Qualit\u00e4t der bereitgestellten Informationen. F\u00fcr Sch\u00e4den materieller oder immaterieller Art, die durch die Nutzung oder Nichtnutzung [&hellip;]<\/p>\n","protected":false},"author":3,"featured_media":0,"parent":0,"menu_order":0,"comment_status":"closed","ping_status":"closed","template":"","meta":{"_monsterinsights_skip_tracking":false,"_monsterinsights_sitenote_active":false,"_monsterinsights_sitenote_note":"","_monsterinsights_sitenote_category":0,"ngg_post_thumbnail":0,"footnotes":""},"class_list":["post-14","page","type-page","status-publish","hentry","post-preview"],"_links":{"self":[{"href":"https:\/\/www.hsv-oelsnitz.de\/index.php?rest_route=\/wp\/v2\/pages\/14","targetHints":{"allow":["GET"]}}],"collection":[{"href":"https:\/\/www.hsv-oelsnitz.de\/index.php?rest_route=\/wp\/v2\/pages"}],"about":[{"href":"https:\/\/www.hsv-oelsnitz.de\/index.php?rest_route=\/wp\/v2\/types\/page"}],"author":[{"embeddable":true,"href":"https:\/\/www.hsv-oelsnitz.de\/index.php?rest_route=\/wp\/v2\/users\/3"}],"replies":[{"embeddable":true,"href":"https:\/\/www.hsv-oelsnitz.de\/index.php?rest_route=%2Fwp%2Fv2%2Fcomments&post=14"}],"version-history":[{"count":16,"href":"https:\/\/www.hsv-oelsnitz.de\/index.php?rest_route=\/wp\/v2\/pages\/14\/revisions"}],"predecessor-version":[{"id":2120,"href":"https:\/\/www.hsv-oelsnitz.de\/index.php?rest_route=\/wp\/v2\/pages\/14\/revisions\/2120"}],"wp:attachment":[{"href":"https:\/\/www.hsv-oelsnitz.de\/index.php?rest_route=%2Fwp%2Fv2%2Fmedia&parent=14"}],"curies":[{"name":"wp","href":"https:\/\/api.w.org\/{rel}","templated":true}]}}