{"id":190,"date":"2013-07-13T22:12:52","date_gmt":"2013-07-13T20:12:52","guid":{"rendered":"http:\/\/www.hsv-oelsnitz.de\/?page_id=190"},"modified":"2016-10-10T12:17:00","modified_gmt":"2016-10-10T10:17:00","slug":"60-jahre-handball-oelsnitz","status":"publish","type":"page","link":"https:\/\/www.hsv-oelsnitz.de\/?page_id=190","title":{"rendered":"1. Hundeschwimmen im Freibad Oelsnitz am 10.09.2016"},"content":{"rendered":"<p>Beim \u00a01. Hundeschwimmen am Samstag den 10.09.2016 im Freibad Oelsnitz freuten sich viele Vierbeiner und Zweibeiner \u00fcber das sch\u00f6ne Wetter und die milden Temperaturen des Wassers.<\/p>\n<p>Nicht wie in der Freien Presse zu lesen der Hundesportverein Plauen sondern der Hundeverein Oelsnitz beteiligte sich an der gut gelungenen Veranstaltung. Der HV Oelsnitz gestaltete einige Angebote f\u00fcr die Besucher mit Elementen des Turnierhundesports oder auch Teilen aus dem Schutzdienst bzw. der Unterordnung.<\/p>\n<p>F\u00fcr unsere Hundesportler Teams aus dem Bereich Schutzdienst war das Element Wasser nat\u00fcrlich eine besondere Sache. Mancher Besucher konnte beobachten wie der Hund seinen Beutetrieb hin zum Schutz\u00e4rmel des Figuranten im feuchten Element auslebt bzw. reguliert. Eine Interessante Erfahrung !<\/p>\n<p>Im Mittelpunkt stand aber nat\u00fcrlich das Wasser.<\/p>\n<p>So konnte man beim ein oder anderen Hund deutliches Meideverhalten gegen\u00fcber den Schwimmbecken beobachten. Die Schwimmbecken mit ihrem naturgem\u00e4\u00df gl\u00e4nzenden Untergrund und der sich dadurch stark spiegelnden Wasseroberfl\u00e4che war \u00a0f\u00fcr die meisten Hunde nat\u00fcrlich etwas Neues &#8211; etwas Unbekanntes. So eine Freibad ist halt etwas komplett Anderes als eine Talsperre oder der Lieblingsbadesee.<\/p>\n<p>Da gilt f\u00fcr den Hund &#8222;Vorsicht ist besser als Nachsicht&#8220;. Nat\u00fcrlich sah man auch viele Hunde welche ohne weitere Befindlichkeiten das Spielzeug aus dem Wasser holten oder auch dem\u00a0 Herrchen\/ Frauchen bereitwillig vom Startblock oder dem 1m Brett ins k\u00fchle Nass folgten.<\/p>\n<p>Ein besonderes Angebot war die M\u00f6glichkeit den Hund unter Wasser fotografieren zu lassen.<\/p>\n<p>Der Hundeverein Oelsnitz bedankt sich f\u00fcr den gelungenen Tag und freut sich auf eine eventuelle Wiederholung im n\u00e4chsten Jahr.<\/p>\nngg_shortcode_0_placeholder\n<p><strong>\u00a0<\/strong><\/p>\n","protected":false},"excerpt":{"rendered":"<p>Beim \u00a01. Hundeschwimmen am Samstag den 10.09.2016 im Freibad Oelsnitz freuten sich viele Vierbeiner und Zweibeiner \u00fcber das sch\u00f6ne Wetter und die milden Temperaturen des Wassers. Nicht wie in der Freien Presse zu lesen der Hundesportverein Plauen sondern der Hundeverein Oelsnitz beteiligte sich an der gut gelungenen Veranstaltung. Der HV Oelsnitz gestaltete einige Angebote f\u00fcr [&hellip;]<\/p>\n","protected":false},"author":3,"featured_media":0,"parent":0,"menu_order":0,"comment_status":"closed","ping_status":"closed","template":"","meta":{"_monsterinsights_skip_tracking":false,"_monsterinsights_sitenote_active":false,"_monsterinsights_sitenote_note":"","_monsterinsights_sitenote_category":0,"ngg_post_thumbnail":0,"footnotes":""},"class_list":["post-190","page","type-page","status-publish","hentry","post-preview"],"_links":{"self":[{"href":"https:\/\/www.hsv-oelsnitz.de\/index.php?rest_route=\/wp\/v2\/pages\/190","targetHints":{"allow":["GET"]}}],"collection":[{"href":"https:\/\/www.hsv-oelsnitz.de\/index.php?rest_route=\/wp\/v2\/pages"}],"about":[{"href":"https:\/\/www.hsv-oelsnitz.de\/index.php?rest_route=\/wp\/v2\/types\/page"}],"author":[{"embeddable":true,"href":"https:\/\/www.hsv-oelsnitz.de\/index.php?rest_route=\/wp\/v2\/users\/3"}],"replies":[{"embeddable":true,"href":"https:\/\/www.hsv-oelsnitz.de\/index.php?rest_route=%2Fwp%2Fv2%2Fcomments&post=190"}],"version-history":[{"count":4,"href":"https:\/\/www.hsv-oelsnitz.de\/index.php?rest_route=\/wp\/v2\/pages\/190\/revisions"}],"predecessor-version":[{"id":1710,"href":"https:\/\/www.hsv-oelsnitz.de\/index.php?rest_route=\/wp\/v2\/pages\/190\/revisions\/1710"}],"wp:attachment":[{"href":"https:\/\/www.hsv-oelsnitz.de\/index.php?rest_route=%2Fwp%2Fv2%2Fmedia&parent=190"}],"curies":[{"name":"wp","href":"https:\/\/api.w.org\/{rel}","templated":true}]}}