{"id":2083,"date":"2021-10-16T17:24:30","date_gmt":"2021-10-16T15:24:30","guid":{"rendered":"http:\/\/www.hsv-oelsnitz.de\/?page_id=2083"},"modified":"2021-10-20T20:12:55","modified_gmt":"2021-10-20T18:12:55","slug":"herbstpruefung-2021","status":"publish","type":"page","link":"https:\/\/www.hsv-oelsnitz.de\/?page_id=2083","title":{"rendered":"Herbstpr\u00fcfung 2021"},"content":{"rendered":"<p>Nach langer Zeit haben wir uns, kurzfristig entschlossen, doch noch eine Pr\u00fcfung durchzuf\u00fchren.<\/p>\n<p>Heute war es soweit, wir konnten Harald Wolf vom SGSV als Leistungsrichter begr\u00fc\u00dfen.<\/p>\n<p>Bei nassen Wetter starteten wir mit 6 BHs, 1 BHG 1 und 4 Teamtests.<\/p>\n<p>Danke f\u00fcr das faire Richten, Harald..<\/p>\n<p>Ergebnisse:<\/p>\n<p>Sandra mit Migos&nbsp; BH\/VT3<\/p>\n<p>Sophie mit Elfie&nbsp; BH\/VT3<\/p>\n<p>Aniana mit Sally BH\/VT3<\/p>\n<p>Detlef mit Chico BH\/VT3<\/p>\n<p>Elvira mit Jerry&nbsp; BH\/VT3<\/p>\n<p>Rebecca mit Manni&nbsp; BH\/VT3<\/p>\n<p>Simone mit Merlin BGH 1&nbsp; &nbsp;mit 77 Punkten<\/p>\n<p>Gunther mit Rick&nbsp; &nbsp; &nbsp; &nbsp;Teamtest mit 128 Punkten Pr\u00e4dikat gut<\/p>\n<p>Birgit mit Finja&nbsp; &nbsp; &nbsp; &nbsp; &nbsp; &nbsp;Teamtest mit 119 Punkten Pr\u00e4dikat Befriedigend<\/p>\n<p>Mandy mit Mia&nbsp; &nbsp; &nbsp; &nbsp; &nbsp; &nbsp;Teamtest mit 136 Punkten Pr\u00e4dikat Sehr gut<\/p>\n<p>Celia Lucille mit Emma&nbsp; Teamtest mit 138 Punkten Pr\u00e4dikat Sehr gut<\/p>\nngg_shortcode_0_placeholder\n<p>&nbsp;<\/p>\n<p>&nbsp;<\/p>\n<p>&nbsp;<\/p>\n","protected":false},"excerpt":{"rendered":"<p>Nach langer Zeit haben wir uns, kurzfristig entschlossen, doch noch eine Pr\u00fcfung durchzuf\u00fchren. Heute war es soweit, wir konnten Harald Wolf vom SGSV als Leistungsrichter begr\u00fc\u00dfen. Bei nassen Wetter starteten wir mit 6 BHs, 1 BHG 1 und 4 Teamtests. Danke f\u00fcr das faire Richten, Harald.. Ergebnisse: Sandra mit Migos&nbsp; BH\/VT3 Sophie mit Elfie&nbsp; BH\/VT3 [&hellip;]<\/p>\n","protected":false},"author":3,"featured_media":0,"parent":0,"menu_order":0,"comment_status":"closed","ping_status":"closed","template":"","meta":{"_monsterinsights_skip_tracking":false,"_monsterinsights_sitenote_active":false,"_monsterinsights_sitenote_note":"","_monsterinsights_sitenote_category":0,"ngg_post_thumbnail":0,"footnotes":""},"class_list":["post-2083","page","type-page","status-publish","hentry","post-preview"],"_links":{"self":[{"href":"https:\/\/www.hsv-oelsnitz.de\/index.php?rest_route=\/wp\/v2\/pages\/2083","targetHints":{"allow":["GET"]}}],"collection":[{"href":"https:\/\/www.hsv-oelsnitz.de\/index.php?rest_route=\/wp\/v2\/pages"}],"about":[{"href":"https:\/\/www.hsv-oelsnitz.de\/index.php?rest_route=\/wp\/v2\/types\/page"}],"author":[{"embeddable":true,"href":"https:\/\/www.hsv-oelsnitz.de\/index.php?rest_route=\/wp\/v2\/users\/3"}],"replies":[{"embeddable":true,"href":"https:\/\/www.hsv-oelsnitz.de\/index.php?rest_route=%2Fwp%2Fv2%2Fcomments&post=2083"}],"version-history":[{"count":7,"href":"https:\/\/www.hsv-oelsnitz.de\/index.php?rest_route=\/wp\/v2\/pages\/2083\/revisions"}],"predecessor-version":[{"id":2113,"href":"https:\/\/www.hsv-oelsnitz.de\/index.php?rest_route=\/wp\/v2\/pages\/2083\/revisions\/2113"}],"wp:attachment":[{"href":"https:\/\/www.hsv-oelsnitz.de\/index.php?rest_route=%2Fwp%2Fv2%2Fmedia&parent=2083"}],"curies":[{"name":"wp","href":"https:\/\/api.w.org\/{rel}","templated":true}]}}