{"id":2207,"date":"2023-03-18T17:35:10","date_gmt":"2023-03-18T15:35:10","guid":{"rendered":"https:\/\/www.hsv-oelsnitz.de\/?page_id=2207"},"modified":"2024-03-21T13:20:44","modified_gmt":"2024-03-21T11:20:44","slug":"sommerfest","status":"publish","type":"page","link":"https:\/\/www.hsv-oelsnitz.de\/?page_id=2207","title":{"rendered":"Sommerfest 2023"},"content":{"rendered":"<p>Sommerfest \u2013 95 Jahre Hundeverein<br \/>\n<img loading=\"lazy\" decoding=\"async\" class=\"alignleft size-large wp-image-2213\" src=\"https:\/\/www.hsv-oelsnitz.de\/wp\/wp-content\/uploads\/hundefestpro-1024x683.jpg\" alt=\"\" width=\"1024\" height=\"683\" srcset=\"https:\/\/www.hsv-oelsnitz.de\/wp\/wp-content\/uploads\/hundefestpro-1024x683.jpg 1024w, https:\/\/www.hsv-oelsnitz.de\/wp\/wp-content\/uploads\/hundefestpro-300x200.jpg 300w, https:\/\/www.hsv-oelsnitz.de\/wp\/wp-content\/uploads\/hundefestpro-768x512.jpg 768w, https:\/\/www.hsv-oelsnitz.de\/wp\/wp-content\/uploads\/hundefestpro-1536x1024.jpg 1536w, https:\/\/www.hsv-oelsnitz.de\/wp\/wp-content\/uploads\/hundefestpro.jpg 1773w\" sizes=\"auto, (max-width: 1024px) 100vw, 1024px\" \/><\/p>\n<p>Am 18. Juni 2022 feierte unser Verein sein 95-j\u00e4hriges Bestehen mit einem gro\u00dfen Sommerfest. Den Besuchern wurde ein buntes Programm geboten:<br \/>\n&#8211; Verschiedene Vereinsmitglieder zeigten das K\u00f6nnen ihrer Hunde. Von Elementen der Begleithundepr\u00fcfungen, sowie Ausz\u00fcgen des Schutzdienstes im Hundesport bis zu \u201eDogdance\u201c-Kunstst\u00fccken war alles dabei.<br \/>\n&#8211; Unsere G\u00e4stegruppe f\u00fchrte eine kleine Trainingsrunde im Stil unseres G\u00e4ste-Trainings mit Gehorsamkeits\u00fcbungen, wie Sitz und Platz unter Ablenkung, vor.<br \/>\n&#8211; Die Bundespolizei bot einen Einblick in ihre Arbeit mit Polizeihunden und zeigten unter anderem das \u201eStellen eines T\u00e4ters\u201c durch einen Diensthund.<br \/>\n&#8211; Tierarzt Dr. Scheinert hielt einen interessanten Vortrag und beantwortete Fragen der G\u00e4ste zum Thema Notf\u00e4lle und Krankheiten beim Hund.<br \/>\n&#8211; Bei einem Hundewettrennen traten Hunde verschiedener Rassen gegeneinander an, um sich einen der begehrten Preise zu sichern.<br \/>\nAu\u00dferdem konnten unsere Besucher ihren Hund zum Wettbewerb um den \u201esch\u00f6nsten Gast-Hund\u201c anmelden und pr\u00e4mieren lassen. Am Abend sorgte \u201eDJ Pulli\u201c f\u00fcr ausgelassene Stimmung.<br \/>\nWir bedanken und herzlich bei allen Helfern und Unterst\u00fctzern!<br \/>\n<img loading=\"lazy\" decoding=\"async\" class=\"alignleft size-large wp-image-2216\" src=\"https:\/\/www.hsv-oelsnitz.de\/wp\/wp-content\/uploads\/hundefestueber-1024x683.jpg\" alt=\"\" width=\"676\" height=\"451\" srcset=\"https:\/\/www.hsv-oelsnitz.de\/wp\/wp-content\/uploads\/hundefestueber-1024x683.jpg 1024w, https:\/\/www.hsv-oelsnitz.de\/wp\/wp-content\/uploads\/hundefestueber-300x200.jpg 300w, https:\/\/www.hsv-oelsnitz.de\/wp\/wp-content\/uploads\/hundefestueber-768x512.jpg 768w, https:\/\/www.hsv-oelsnitz.de\/wp\/wp-content\/uploads\/hundefestueber-1536x1024.jpg 1536w, https:\/\/www.hsv-oelsnitz.de\/wp\/wp-content\/uploads\/hundefestueber.jpg 1773w\" sizes=\"auto, (max-width: 676px) 100vw, 676px\" \/><img loading=\"lazy\" decoding=\"async\" class=\"alignleft size-large wp-image-2215\" src=\"https:\/\/www.hsv-oelsnitz.de\/wp\/wp-content\/uploads\/hundefestsd-1024x683.jpg\" alt=\"\" width=\"676\" height=\"451\" srcset=\"https:\/\/www.hsv-oelsnitz.de\/wp\/wp-content\/uploads\/hundefestsd-1024x683.jpg 1024w, https:\/\/www.hsv-oelsnitz.de\/wp\/wp-content\/uploads\/hundefestsd-300x200.jpg 300w, https:\/\/www.hsv-oelsnitz.de\/wp\/wp-content\/uploads\/hundefestsd-768x512.jpg 768w, https:\/\/www.hsv-oelsnitz.de\/wp\/wp-content\/uploads\/hundefestsd-1536x1024.jpg 1536w, https:\/\/www.hsv-oelsnitz.de\/wp\/wp-content\/uploads\/hundefestsd.jpg 1773w\" sizes=\"auto, (max-width: 676px) 100vw, 676px\" \/><img loading=\"lazy\" decoding=\"async\" class=\"alignleft size-large wp-image-2212\" src=\"https:\/\/www.hsv-oelsnitz.de\/wp\/wp-content\/uploads\/hundefestimb-1024x683.jpg\" alt=\"\" width=\"676\" height=\"451\" srcset=\"https:\/\/www.hsv-oelsnitz.de\/wp\/wp-content\/uploads\/hundefestimb-1024x683.jpg 1024w, https:\/\/www.hsv-oelsnitz.de\/wp\/wp-content\/uploads\/hundefestimb-300x200.jpg 300w, https:\/\/www.hsv-oelsnitz.de\/wp\/wp-content\/uploads\/hundefestimb-768x512.jpg 768w, https:\/\/www.hsv-oelsnitz.de\/wp\/wp-content\/uploads\/hundefestimb-1536x1024.jpg 1536w, https:\/\/www.hsv-oelsnitz.de\/wp\/wp-content\/uploads\/hundefestimb.jpg 1773w\" sizes=\"auto, (max-width: 676px) 100vw, 676px\" \/><img loading=\"lazy\" decoding=\"async\" class=\"alignleft size-large wp-image-2231\" src=\"https:\/\/www.hsv-oelsnitz.de\/wp\/wp-content\/uploads\/hundefestpoli-1024x643.jpg\" alt=\"\" width=\"676\" height=\"424\" srcset=\"https:\/\/www.hsv-oelsnitz.de\/wp\/wp-content\/uploads\/hundefestpoli-1024x643.jpg 1024w, https:\/\/www.hsv-oelsnitz.de\/wp\/wp-content\/uploads\/hundefestpoli-300x188.jpg 300w, https:\/\/www.hsv-oelsnitz.de\/wp\/wp-content\/uploads\/hundefestpoli-768x482.jpg 768w, https:\/\/www.hsv-oelsnitz.de\/wp\/wp-content\/uploads\/hundefestpoli-1536x964.jpg 1536w, https:\/\/www.hsv-oelsnitz.de\/wp\/wp-content\/uploads\/hundefestpoli-676x424.jpg 676w, https:\/\/www.hsv-oelsnitz.de\/wp\/wp-content\/uploads\/hundefestpoli.jpg 1827w\" sizes=\"auto, (max-width: 676px) 100vw, 676px\" \/><img loading=\"lazy\" decoding=\"async\" class=\"alignleft size-large wp-image-2232\" src=\"https:\/\/www.hsv-oelsnitz.de\/wp\/wp-content\/uploads\/poli-1024x722.jpg\" alt=\"\" width=\"676\" height=\"477\" srcset=\"https:\/\/www.hsv-oelsnitz.de\/wp\/wp-content\/uploads\/poli-1024x722.jpg 1024w, https:\/\/www.hsv-oelsnitz.de\/wp\/wp-content\/uploads\/poli-300x211.jpg 300w, https:\/\/www.hsv-oelsnitz.de\/wp\/wp-content\/uploads\/poli-768x541.jpg 768w, https:\/\/www.hsv-oelsnitz.de\/wp\/wp-content\/uploads\/poli-1536x1083.jpg 1536w, https:\/\/www.hsv-oelsnitz.de\/wp\/wp-content\/uploads\/poli-676x476.jpg 676w, https:\/\/www.hsv-oelsnitz.de\/wp\/wp-content\/uploads\/poli.jpg 1724w\" sizes=\"auto, (max-width: 676px) 100vw, 676px\" \/><img loading=\"lazy\" decoding=\"async\" class=\"alignleft size-large wp-image-2233\" src=\"https:\/\/www.hsv-oelsnitz.de\/wp\/wp-content\/uploads\/poli2-1024x683.jpg\" alt=\"\" width=\"676\" height=\"451\" srcset=\"https:\/\/www.hsv-oelsnitz.de\/wp\/wp-content\/uploads\/poli2-1024x683.jpg 1024w, https:\/\/www.hsv-oelsnitz.de\/wp\/wp-content\/uploads\/poli2-300x200.jpg 300w, https:\/\/www.hsv-oelsnitz.de\/wp\/wp-content\/uploads\/poli2-768x512.jpg 768w, https:\/\/www.hsv-oelsnitz.de\/wp\/wp-content\/uploads\/poli2-1536x1024.jpg 1536w, https:\/\/www.hsv-oelsnitz.de\/wp\/wp-content\/uploads\/poli2-676x451.jpg 676w, https:\/\/www.hsv-oelsnitz.de\/wp\/wp-content\/uploads\/poli2.jpg 1773w\" sizes=\"auto, (max-width: 676px) 100vw, 676px\" \/><\/p>\n","protected":false},"excerpt":{"rendered":"<p>Sommerfest \u2013 95 Jahre Hundeverein Am 18. Juni 2022 feierte unser Verein sein 95-j\u00e4hriges Bestehen mit einem gro\u00dfen Sommerfest. Den Besuchern wurde ein buntes Programm geboten: &#8211; Verschiedene Vereinsmitglieder zeigten das K\u00f6nnen ihrer Hunde. Von Elementen der Begleithundepr\u00fcfungen, sowie Ausz\u00fcgen des Schutzdienstes im Hundesport bis zu \u201eDogdance\u201c-Kunstst\u00fccken war alles dabei. &#8211; Unsere G\u00e4stegruppe f\u00fchrte eine [&hellip;]<\/p>\n","protected":false},"author":3,"featured_media":0,"parent":0,"menu_order":0,"comment_status":"closed","ping_status":"closed","template":"","meta":{"_monsterinsights_skip_tracking":false,"_monsterinsights_sitenote_active":false,"_monsterinsights_sitenote_note":"","_monsterinsights_sitenote_category":0,"ngg_post_thumbnail":0,"footnotes":""},"class_list":["post-2207","page","type-page","status-publish","hentry","post-preview"],"_links":{"self":[{"href":"https:\/\/www.hsv-oelsnitz.de\/index.php?rest_route=\/wp\/v2\/pages\/2207","targetHints":{"allow":["GET"]}}],"collection":[{"href":"https:\/\/www.hsv-oelsnitz.de\/index.php?rest_route=\/wp\/v2\/pages"}],"about":[{"href":"https:\/\/www.hsv-oelsnitz.de\/index.php?rest_route=\/wp\/v2\/types\/page"}],"author":[{"embeddable":true,"href":"https:\/\/www.hsv-oelsnitz.de\/index.php?rest_route=\/wp\/v2\/users\/3"}],"replies":[{"embeddable":true,"href":"https:\/\/www.hsv-oelsnitz.de\/index.php?rest_route=%2Fwp%2Fv2%2Fcomments&post=2207"}],"version-history":[{"count":7,"href":"https:\/\/www.hsv-oelsnitz.de\/index.php?rest_route=\/wp\/v2\/pages\/2207\/revisions"}],"predecessor-version":[{"id":2280,"href":"https:\/\/www.hsv-oelsnitz.de\/index.php?rest_route=\/wp\/v2\/pages\/2207\/revisions\/2280"}],"wp:attachment":[{"href":"https:\/\/www.hsv-oelsnitz.de\/index.php?rest_route=%2Fwp%2Fv2%2Fmedia&parent=2207"}],"curies":[{"name":"wp","href":"https:\/\/api.w.org\/{rel}","templated":true}]}}