{"id":2304,"date":"2024-04-04T12:33:17","date_gmt":"2024-04-04T10:33:17","guid":{"rendered":"https:\/\/www.hsv-oelsnitz.de\/?page_id=2304"},"modified":"2024-04-27T18:18:43","modified_gmt":"2024-04-27T16:18:43","slug":"training-fuer-gaeate","status":"publish","type":"page","link":"https:\/\/www.hsv-oelsnitz.de\/?page_id=2304","title":{"rendered":"Training f\u00fcr G\u00e4ste"},"content":{"rendered":"<h5>Sie sind Hundehalter und daran interessiert das ihr Hund ein bestimmtes Verhalten ablegt, bzw. sich aneignet ?<\/h5>\n<h5>Dann sind Sie hier richtg :<\/h5>\n<h4>Immer Dienstags ab 18 Uhr findet das G\u00e4stetraining statt.<\/h4>\n<p>Es werden nach Anweisung bestimmte \u00dcbungen absolviert , wobei erfahrene Vereinsmitglieder und Trainer helfend unterst\u00fctzen.<\/p>\n<p>Damit sich der Hund auch an Artgenossen und verschiedenen Umwelteinfl\u00fcssen gew\u00f6hnt, werden viele Gruppen\u00fcbungen durchgef\u00fcht.<\/p>\n<p>Sollte Ihr Interesse geweckt sein, w\u00fcrden wir uns \u00fcber Ihren Besuch freuen.<\/p>\n<p>Details werden vor Ort beprochen.<\/p>\n<h5><img loading=\"lazy\" decoding=\"async\" class=\"alignnone wp-image-2289\" src=\"https:\/\/www.hsv-oelsnitz.de\/wp\/wp-content\/uploads\/07_20230603_153702-300x225.jpg\" alt=\"\" width=\"300\" height=\"225\" srcset=\"https:\/\/www.hsv-oelsnitz.de\/wp\/wp-content\/uploads\/07_20230603_153702-300x225.jpg 300w, https:\/\/www.hsv-oelsnitz.de\/wp\/wp-content\/uploads\/07_20230603_153702-1024x768.jpg 1024w, https:\/\/www.hsv-oelsnitz.de\/wp\/wp-content\/uploads\/07_20230603_153702-768x576.jpg 768w, https:\/\/www.hsv-oelsnitz.de\/wp\/wp-content\/uploads\/07_20230603_153702-676x507.jpg 676w, https:\/\/www.hsv-oelsnitz.de\/wp\/wp-content\/uploads\/07_20230603_153702.jpg 1200w\" sizes=\"auto, (max-width: 300px) 100vw, 300px\" \/><\/h5>\n","protected":false},"excerpt":{"rendered":"<p>Sie sind Hundehalter und daran interessiert das ihr Hund ein bestimmtes Verhalten ablegt, bzw. sich aneignet ? Dann sind Sie hier richtg : Immer Dienstags ab 18 Uhr findet das G\u00e4stetraining statt. Es werden nach Anweisung bestimmte \u00dcbungen absolviert , wobei erfahrene Vereinsmitglieder und Trainer helfend unterst\u00fctzen. Damit sich der Hund auch an Artgenossen und [&hellip;]<\/p>\n","protected":false},"author":4,"featured_media":0,"parent":0,"menu_order":0,"comment_status":"closed","ping_status":"closed","template":"","meta":{"_monsterinsights_skip_tracking":false,"_monsterinsights_sitenote_active":false,"_monsterinsights_sitenote_note":"","_monsterinsights_sitenote_category":0,"ngg_post_thumbnail":0,"footnotes":""},"class_list":["post-2304","page","type-page","status-publish","hentry","post-preview"],"_links":{"self":[{"href":"https:\/\/www.hsv-oelsnitz.de\/index.php?rest_route=\/wp\/v2\/pages\/2304","targetHints":{"allow":["GET"]}}],"collection":[{"href":"https:\/\/www.hsv-oelsnitz.de\/index.php?rest_route=\/wp\/v2\/pages"}],"about":[{"href":"https:\/\/www.hsv-oelsnitz.de\/index.php?rest_route=\/wp\/v2\/types\/page"}],"author":[{"embeddable":true,"href":"https:\/\/www.hsv-oelsnitz.de\/index.php?rest_route=\/wp\/v2\/users\/4"}],"replies":[{"embeddable":true,"href":"https:\/\/www.hsv-oelsnitz.de\/index.php?rest_route=%2Fwp%2Fv2%2Fcomments&post=2304"}],"version-history":[{"count":3,"href":"https:\/\/www.hsv-oelsnitz.de\/index.php?rest_route=\/wp\/v2\/pages\/2304\/revisions"}],"predecessor-version":[{"id":2387,"href":"https:\/\/www.hsv-oelsnitz.de\/index.php?rest_route=\/wp\/v2\/pages\/2304\/revisions\/2387"}],"wp:attachment":[{"href":"https:\/\/www.hsv-oelsnitz.de\/index.php?rest_route=%2Fwp%2Fv2%2Fmedia&parent=2304"}],"curies":[{"name":"wp","href":"https:\/\/api.w.org\/{rel}","templated":true}]}}