{"id":2447,"date":"2024-10-24T11:14:13","date_gmt":"2024-10-24T09:14:13","guid":{"rendered":"https:\/\/www.hsv-oelsnitz.de\/?page_id=2447"},"modified":"2024-10-24T11:14:13","modified_gmt":"2024-10-24T09:14:13","slug":"herbstpruefung-am-19-10-2024","status":"publish","type":"page","link":"https:\/\/www.hsv-oelsnitz.de\/?page_id=2447","title":{"rendered":"Herbstpr\u00fcfung am 19.10.2024"},"content":{"rendered":"<p>Das st\u00e4ndige Training wurde heute wieder belohnt durch <strong>bestandene Pr\u00fcfungen.<\/strong> Dies waren im Einzelnen :<\/p>\n<p>Thomas mit Maya:&nbsp; BH<\/p>\n<p>Katja mit Sally:&nbsp; BGH1<\/p>\n<p>Tonias mit Chico : BGH1<\/p>\n<p>Josua mit Turbo: BGH1<\/p>\n<p>Matthias mit Abby: IGP1<\/p>\n<p>Heidi mit Khaleesi: SPR1<\/p>\n<p>Allen Pr\u00fcflingen&nbsp; : <em><strong>HERZLICHEN GL\u00dcCKWUNSCH<\/strong><\/em><\/p>\n<p>Nach der Pr\u00fcfung ist vor der Pr\u00fcfung. Nun geht es darum das Erlernte zu festigen und NEUES hinzuzf\u00fcgen.<\/p>\n<p>Deswegen : <strong>\u00dcBEN, \u00dcBEN, \u00dcBEN.<\/strong><\/p>\n","protected":false},"excerpt":{"rendered":"<p>Das st\u00e4ndige Training wurde heute wieder belohnt durch bestandene Pr\u00fcfungen. Dies waren im Einzelnen : Thomas mit Maya:&nbsp; BH Katja mit Sally:&nbsp; BGH1 Tonias mit Chico : BGH1 Josua mit Turbo: BGH1 Matthias mit Abby: IGP1 Heidi mit Khaleesi: SPR1 Allen Pr\u00fcflingen&nbsp; : HERZLICHEN GL\u00dcCKWUNSCH Nach der Pr\u00fcfung ist vor der Pr\u00fcfung. Nun geht es [&hellip;]<\/p>\n","protected":false},"author":4,"featured_media":0,"parent":0,"menu_order":0,"comment_status":"closed","ping_status":"closed","template":"","meta":{"_monsterinsights_skip_tracking":false,"_monsterinsights_sitenote_active":false,"_monsterinsights_sitenote_note":"","_monsterinsights_sitenote_category":0,"ngg_post_thumbnail":0,"footnotes":""},"class_list":["post-2447","page","type-page","status-publish","hentry","post-preview"],"_links":{"self":[{"href":"https:\/\/www.hsv-oelsnitz.de\/index.php?rest_route=\/wp\/v2\/pages\/2447","targetHints":{"allow":["GET"]}}],"collection":[{"href":"https:\/\/www.hsv-oelsnitz.de\/index.php?rest_route=\/wp\/v2\/pages"}],"about":[{"href":"https:\/\/www.hsv-oelsnitz.de\/index.php?rest_route=\/wp\/v2\/types\/page"}],"author":[{"embeddable":true,"href":"https:\/\/www.hsv-oelsnitz.de\/index.php?rest_route=\/wp\/v2\/users\/4"}],"replies":[{"embeddable":true,"href":"https:\/\/www.hsv-oelsnitz.de\/index.php?rest_route=%2Fwp%2Fv2%2Fcomments&post=2447"}],"version-history":[{"count":1,"href":"https:\/\/www.hsv-oelsnitz.de\/index.php?rest_route=\/wp\/v2\/pages\/2447\/revisions"}],"predecessor-version":[{"id":2448,"href":"https:\/\/www.hsv-oelsnitz.de\/index.php?rest_route=\/wp\/v2\/pages\/2447\/revisions\/2448"}],"wp:attachment":[{"href":"https:\/\/www.hsv-oelsnitz.de\/index.php?rest_route=%2Fwp%2Fv2%2Fmedia&parent=2447"}],"curies":[{"name":"wp","href":"https:\/\/api.w.org\/{rel}","templated":true}]}}