{"id":2473,"date":"2025-05-27T09:54:39","date_gmt":"2025-05-27T07:54:39","guid":{"rendered":"https:\/\/www.hsv-oelsnitz.de\/?page_id=2473"},"modified":"2025-05-27T16:19:45","modified_gmt":"2025-05-27T14:19:45","slug":"fruehjahrspruefung-am-11-5-2025","status":"publish","type":"page","link":"https:\/\/www.hsv-oelsnitz.de\/?page_id=2473","title":{"rendered":"Fr\u00fchjahrspr\u00fcfung am 11.5.2025"},"content":{"rendered":"<p>Auch in diesem Jahr hat sich regelm\u00e4\u00dfiges Training wieder ausgezahlt und wir gratulieren nachfolgenden Mitgliedern zur bestandenen Pr\u00fcfung.<\/p>\n<p>Im einzelnen waren dies :<\/p>\n<p>Harald mit Ritchie BHVT<\/p>\n<p>Josua mit Akela BHVT<\/p>\n<p>Heidi mit Khaleesi IBGH1<\/p>\n<p>Josua mit Turbo IBGH 2<\/p>\n<p>sowie Gaststarter Joachim&nbsp; mit Orcan IBGH3<\/p>\n<p>Herzlichen Gl\u00fcckwunsch !!!<\/p>\n","protected":false},"excerpt":{"rendered":"<p>Auch in diesem Jahr hat sich regelm\u00e4\u00dfiges Training wieder ausgezahlt und wir gratulieren nachfolgenden Mitgliedern zur bestandenen Pr\u00fcfung. Im einzelnen waren dies : Harald mit Ritchie BHVT Josua mit Akela BHVT Heidi mit Khaleesi IBGH1 Josua mit Turbo IBGH 2 sowie Gaststarter Joachim&nbsp; mit Orcan IBGH3 Herzlichen Gl\u00fcckwunsch !!!<\/p>\n","protected":false},"author":4,"featured_media":0,"parent":0,"menu_order":0,"comment_status":"closed","ping_status":"closed","template":"","meta":{"_monsterinsights_skip_tracking":false,"_monsterinsights_sitenote_active":false,"_monsterinsights_sitenote_note":"","_monsterinsights_sitenote_category":0,"ngg_post_thumbnail":0,"footnotes":""},"class_list":["post-2473","page","type-page","status-publish","hentry","post-preview"],"_links":{"self":[{"href":"https:\/\/www.hsv-oelsnitz.de\/index.php?rest_route=\/wp\/v2\/pages\/2473","targetHints":{"allow":["GET"]}}],"collection":[{"href":"https:\/\/www.hsv-oelsnitz.de\/index.php?rest_route=\/wp\/v2\/pages"}],"about":[{"href":"https:\/\/www.hsv-oelsnitz.de\/index.php?rest_route=\/wp\/v2\/types\/page"}],"author":[{"embeddable":true,"href":"https:\/\/www.hsv-oelsnitz.de\/index.php?rest_route=\/wp\/v2\/users\/4"}],"replies":[{"embeddable":true,"href":"https:\/\/www.hsv-oelsnitz.de\/index.php?rest_route=%2Fwp%2Fv2%2Fcomments&post=2473"}],"version-history":[{"count":3,"href":"https:\/\/www.hsv-oelsnitz.de\/index.php?rest_route=\/wp\/v2\/pages\/2473\/revisions"}],"predecessor-version":[{"id":2476,"href":"https:\/\/www.hsv-oelsnitz.de\/index.php?rest_route=\/wp\/v2\/pages\/2473\/revisions\/2476"}],"wp:attachment":[{"href":"https:\/\/www.hsv-oelsnitz.de\/index.php?rest_route=%2Fwp%2Fv2%2Fmedia&parent=2473"}],"curies":[{"name":"wp","href":"https:\/\/api.w.org\/{rel}","templated":true}]}}