{"id":28,"date":"2012-08-07T20:04:38","date_gmt":"2012-08-07T18:04:38","guid":{"rendered":"http:\/\/www.hsv-oelsnitz.de\/?page_id=28"},"modified":"2024-03-19T16:23:49","modified_gmt":"2024-03-19T14:23:49","slug":"anfahrt","status":"publish","type":"page","link":"https:\/\/www.hsv-oelsnitz.de\/?page_id=28","title":{"rendered":"Anfahrt"},"content":{"rendered":"<p>Unser Sportplatz befindet sich im Ortsteil Voigtsberg von Oelsnitz\/Vogtland. Von der Stadtmitte aus f\u00e4hrt man am besten auf der Staatsstra\u00dfe S303 in \u00f6stlicher Richtung (Richtung Kottengr\u00fcn). 1,5km vor dem Ortsausgang befindet sich das Gel\u00e4nde der Spedition Wolfrum (auf der rechten Seite). Etwa 300 Meter nach dem Gel\u00e4nde nach rechts abbiegen. Nach ca. 100 Metern links halten und dem Weg bis ans Ende folgen.<\/p>\n<p><iframe loading=\"lazy\" src=\"http:\/\/maps.google.de\/maps?f=d&amp;source=s_d&amp;saddr=&amp;daddr=50.419839,12.192013&amp;hl=de&amp;geocode=&amp;sll=50.419607,12.191756&amp;sspn=0.003309,0.008701&amp;mra=mift&amp;mrsp=1&amp;sz=17&amp;ie=UTF8&amp;t=m&amp;ll=50.419607,12.191756&amp;spn=0.006563,0.013733&amp;z=16&amp;output=embed\" width=\"640\" height=\"480\" frameborder=\"0\" marginwidth=\"0\" marginheight=\"0\" scrolling=\"no\"><\/iframe><br \/>\n<small><a style=\"color: #0000ff; text-align: left;\" href=\"http:\/\/maps.google.de\/maps?f=d&amp;source=embed&amp;saddr=&amp;daddr=50.419839,12.192013&amp;hl=de&amp;geocode=&amp;sll=50.419607,12.191756&amp;sspn=0.003309,0.008701&amp;mra=mift&amp;mrsp=1&amp;sz=17&amp;ie=UTF8&amp;t=m&amp;ll=50.419607,12.191756&amp;spn=0.006563,0.013733&amp;z=16\">Gr\u00f6\u00dfere Kartenansicht<\/a><\/small><\/p>\n","protected":false},"excerpt":{"rendered":"<p>Unser Sportplatz befindet sich im Ortsteil Voigtsberg von Oelsnitz\/Vogtland. Von der Stadtmitte aus f\u00e4hrt man am besten auf der Staatsstra\u00dfe S303 in \u00f6stlicher Richtung (Richtung Kottengr\u00fcn). 1,5km vor dem Ortsausgang befindet sich das Gel\u00e4nde der Spedition Wolfrum (auf der rechten Seite). Etwa 300 Meter nach dem Gel\u00e4nde nach rechts abbiegen. Nach ca. 100 Metern links [&hellip;]<\/p>\n","protected":false},"author":3,"featured_media":0,"parent":0,"menu_order":0,"comment_status":"closed","ping_status":"closed","template":"","meta":{"_monsterinsights_skip_tracking":false,"_monsterinsights_sitenote_active":false,"_monsterinsights_sitenote_note":"","_monsterinsights_sitenote_category":0,"ngg_post_thumbnail":0,"footnotes":""},"class_list":["post-28","page","type-page","status-publish","hentry","post-preview"],"_links":{"self":[{"href":"https:\/\/www.hsv-oelsnitz.de\/index.php?rest_route=\/wp\/v2\/pages\/28","targetHints":{"allow":["GET"]}}],"collection":[{"href":"https:\/\/www.hsv-oelsnitz.de\/index.php?rest_route=\/wp\/v2\/pages"}],"about":[{"href":"https:\/\/www.hsv-oelsnitz.de\/index.php?rest_route=\/wp\/v2\/types\/page"}],"author":[{"embeddable":true,"href":"https:\/\/www.hsv-oelsnitz.de\/index.php?rest_route=\/wp\/v2\/users\/3"}],"replies":[{"embeddable":true,"href":"https:\/\/www.hsv-oelsnitz.de\/index.php?rest_route=%2Fwp%2Fv2%2Fcomments&post=28"}],"version-history":[{"count":8,"href":"https:\/\/www.hsv-oelsnitz.de\/index.php?rest_route=\/wp\/v2\/pages\/28\/revisions"}],"predecessor-version":[{"id":2123,"href":"https:\/\/www.hsv-oelsnitz.de\/index.php?rest_route=\/wp\/v2\/pages\/28\/revisions\/2123"}],"wp:attachment":[{"href":"https:\/\/www.hsv-oelsnitz.de\/index.php?rest_route=%2Fwp%2Fv2%2Fmedia&parent=28"}],"curies":[{"name":"wp","href":"https:\/\/api.w.org\/{rel}","templated":true}]}}