{"id":5,"date":"2012-07-19T12:36:42","date_gmt":"2012-07-19T10:36:42","guid":{"rendered":"http:\/\/www.hsv-oelsnitz.de\/?page_id=5"},"modified":"2025-05-27T16:31:53","modified_gmt":"2025-05-27T14:31:53","slug":"home","status":"publish","type":"page","link":"https:\/\/www.hsv-oelsnitz.de\/","title":{"rendered":"Home"},"content":{"rendered":"<p><img loading=\"lazy\" decoding=\"async\" class=\"aligncenter size-large wp-image-2479\" src=\"https:\/\/www.hsv-oelsnitz.de\/wp\/wp-content\/uploads\/hundefest-2025-724x1024.jpg\" alt=\"\" width=\"676\" height=\"956\" srcset=\"https:\/\/www.hsv-oelsnitz.de\/wp\/wp-content\/uploads\/hundefest-2025-724x1024.jpg 724w, https:\/\/www.hsv-oelsnitz.de\/wp\/wp-content\/uploads\/hundefest-2025-212x300.jpg 212w, https:\/\/www.hsv-oelsnitz.de\/wp\/wp-content\/uploads\/hundefest-2025-768x1086.jpg 768w, https:\/\/www.hsv-oelsnitz.de\/wp\/wp-content\/uploads\/hundefest-2025-676x956.jpg 676w, https:\/\/www.hsv-oelsnitz.de\/wp\/wp-content\/uploads\/hundefest-2025.jpg 905w\" sizes=\"auto, (max-width: 676px) 100vw, 676px\" \/><\/p>\n<p style=\"text-align: center;\">Herzlich Willkommen beim Hundeverein Oelsnitz e.V.<\/p>\n<h4 style=\"text-align: center;\"><strong>&nbsp;<\/strong><\/h4>\n<p><img loading=\"lazy\" decoding=\"async\" class=\"aligncenter size-full wp-image-1318\" src=\"https:\/\/www.hsv-oelsnitz.de\/wp\/wp-content\/uploads\/hundesportstart.gif\" alt=\"hundesportstart\" width=\"280\" height=\"280\"><\/p>\n<p style=\"text-align: center;\">Sch\u00f6n dass Sie uns besuchen und mehr \u00fcber unseren Verein erfahren m\u00f6chten.<\/p>\n<p style=\"text-align: center;\">Auf dieser Seite finden Sie interessante Informationen \u00fcber unsere Hunde, die Vereinsmitglieder, Veranstaltungen und die&nbsp; Aktivit\u00e4ten in unserem Verein.<\/p>\n<p style=\"text-align: center;\">Selbstverst\u00e4ndlich freuen wir uns \u00fcber einen Besuch auf unserem Platz, und laden Sie herzlich ein einfach mal vorbeizuschauen.<\/p>\n<p style=\"text-align: center;\">&nbsp;<\/p>\n<p>&nbsp;<\/p>\n","protected":false},"excerpt":{"rendered":"<p>Herzlich Willkommen beim Hundeverein Oelsnitz e.V. &nbsp; Sch\u00f6n dass Sie uns besuchen und mehr \u00fcber unseren Verein erfahren m\u00f6chten. Auf dieser Seite finden Sie interessante Informationen \u00fcber unsere Hunde, die Vereinsmitglieder, Veranstaltungen und die&nbsp; Aktivit\u00e4ten in unserem Verein. Selbstverst\u00e4ndlich freuen wir uns \u00fcber einen Besuch auf unserem Platz, und laden Sie herzlich ein einfach mal [&hellip;]<\/p>\n","protected":false},"author":3,"featured_media":0,"parent":0,"menu_order":0,"comment_status":"closed","ping_status":"closed","template":"","meta":{"_monsterinsights_skip_tracking":false,"_monsterinsights_sitenote_active":false,"_monsterinsights_sitenote_note":"","_monsterinsights_sitenote_category":0,"ngg_post_thumbnail":0,"footnotes":""},"class_list":["post-5","page","type-page","status-publish","hentry","post-preview"],"_links":{"self":[{"href":"https:\/\/www.hsv-oelsnitz.de\/index.php?rest_route=\/wp\/v2\/pages\/5","targetHints":{"allow":["GET"]}}],"collection":[{"href":"https:\/\/www.hsv-oelsnitz.de\/index.php?rest_route=\/wp\/v2\/pages"}],"about":[{"href":"https:\/\/www.hsv-oelsnitz.de\/index.php?rest_route=\/wp\/v2\/types\/page"}],"author":[{"embeddable":true,"href":"https:\/\/www.hsv-oelsnitz.de\/index.php?rest_route=\/wp\/v2\/users\/3"}],"replies":[{"embeddable":true,"href":"https:\/\/www.hsv-oelsnitz.de\/index.php?rest_route=%2Fwp%2Fv2%2Fcomments&post=5"}],"version-history":[{"count":49,"href":"https:\/\/www.hsv-oelsnitz.de\/index.php?rest_route=\/wp\/v2\/pages\/5\/revisions"}],"predecessor-version":[{"id":7,"href":"https:\/\/www.hsv-oelsnitz.de\/index.php?rest_route=\/wp\/v2\/pages\/5\/revisions\/7"}],"wp:attachment":[{"href":"https:\/\/www.hsv-oelsnitz.de\/index.php?rest_route=%2Fwp%2Fv2%2Fmedia&parent=5"}],"curies":[{"name":"wp","href":"https:\/\/api.w.org\/{rel}","templated":true}]}}